{"id":1599,"date":"2024-11-21T16:22:19","date_gmt":"2024-11-21T15:22:19","guid":{"rendered":"https:\/\/www.ladrogopedia.com\/mezclas-y-riesgos\/?page_id=1599"},"modified":"2025-05-15T16:46:18","modified_gmt":"2025-05-15T14:46:18","slug":"sobre-nosotros","status":"publish","type":"page","link":"https:\/\/www.ladrogopedia.com\/mezclas-y-riesgos\/sobre-nosotros\/","title":{"rendered":"Sobre Nosotros"},"content":{"rendered":"\n<p class=\"wp-block-paragraph\"><strong>Mezclas y Riesgos<\/strong> es un interactivo desarrollado por <strong><a href=\"https:\/\/www.ladrogopedia.com\/sobre-nosotros\/\">el equipo de Drogopedia<\/a><\/strong>. Basado en la tabla de <strong><a href=\"https:\/\/wiki.tripsit.me\/wiki\/Drug_combinations\">TripSit<\/a><\/strong> y nuestra propia investigaci\u00f3n, incluye una amplia variedad de sustancias, principios activos y f\u00e1rmacos con sus nombres comerciales. Dise\u00f1ado como una referencia r\u00e1pida y orientativa, este recurso se actualiza mensualmente para ampliar y enriquecer sus contenidos.<\/p>\n\n\n\n<p class=\"wp-block-paragraph\">Nuestra herramienta se fundamenta en la <strong>limitada informaci\u00f3n cient\u00edfica y m\u00e9dica disponible<\/strong> sobre este tema. En algunos casos, incorpora predicciones farmacol\u00f3gicas no experimentadas, por lo que <strong>recomendamos siempre complementar esta informaci\u00f3n con una investigaci\u00f3n adicional<\/strong>, asesoramiento m\u00e9dico profesional o acudir a servicios especializados en reducci\u00f3n de riesgos, como <a href=\"https:\/\/energycontrol.org\/\" target=\"_blank\" rel=\"noreferrer noopener\">Energy Control<\/a>, <a href=\"https:\/\/www.kosmicare.org\/\" target=\"_blank\" rel=\"noreferrer noopener\">Kosmicare<\/a>, <a href=\"https:\/\/www.echelecabeza.com\/\" target=\"_blank\" rel=\"noreferrer noopener\">\u00c9chele Cabeza<\/a>, <a href=\"https:\/\/dancesafe.org\/\" target=\"_blank\" rel=\"noreferrer noopener\">Dance Safe<\/a>, entre otros.<\/p>\n\n\n\n<p class=\"wp-block-paragraph\"><strong>\u00bfC\u00f3mo colaborar con este proyecto?<\/strong><\/p>\n\n\n\n<p class=\"wp-block-paragraph\"><strong><a href=\"https:\/\/www.ladrogopedia.com\/comunidad-drogopedia\/\" target=\"_blank\" rel=\"noreferrer noopener\">Comunidad Drogopedia<\/a>:<\/strong> \u00danete a un espacio exclusivo donde podr\u00e1s acceder a contenidos especiales, resolver tus dudas a trav\u00e9s de un canal de WhatsApp, participar en debates y votaciones para decidir los temas que abordamos, adem\u00e1s de contar con consultas en v\u00eddeo con Ant\u00f3n, nuestro experto. Una oportunidad \u00fanica para formar parte activa de esta iniciativa y enriquecer tu conocimiento.<\/p>\n\n\n\n<p class=\"wp-block-paragraph\"><a href=\"https:\/\/www.ladrogopedia.com\/asesoria-personal\/\" target=\"_blank\" rel=\"noreferrer noopener\"><strong>Asesor\u00eda personal con Ant\u00f3n<\/strong>:<\/a> Obt\u00e9n respuestas claras y personalizadas a tus dudas espec\u00edficas.<\/p>\n\n\n\n<p class=\"wp-block-paragraph\"><a href=\"https:\/\/buymeacoffee.com\/drogopedia\"><strong>Donacione<\/strong><\/a><a href=\"https:\/\/buymeacoffee.com\/drogopedia\" target=\"_blank\" rel=\"noreferrer noopener\"><strong>s<\/strong><\/a>: Colabora con nosotros a trav\u00e9s de BuyMeACoffee. Con tu apoyo, seguimos creando y compartiendo informaci\u00f3n de calidad.<\/p>\n\n\n\n<p class=\"wp-block-paragraph\">Tambi\u00e9n aceptamos donaciones en <strong>cryptomonedas<\/strong> en la siguiente direcci\u00f3n: 0xC1C6f3AF21c033208FD64749D300CA7469e27ef4<\/p>\n\n\n<div class=\"wp-block-image\">\n<figure class=\"aligncenter size-full is-resized\"><img loading=\"lazy\" decoding=\"async\" width=\"442\" height=\"420\" src=\"https:\/\/www.ladrogopedia.com\/mezclas-y-riesgos\/wp-content\/uploads\/2025\/05\/Captura-de-pantalla-2025-05-15-a-las-16.44.49.png\" alt=\"\" class=\"wp-image-5911\" style=\"width:200px\" srcset=\"https:\/\/www.ladrogopedia.com\/mezclas-y-riesgos\/wp-content\/uploads\/2025\/05\/Captura-de-pantalla-2025-05-15-a-las-16.44.49.png 442w, https:\/\/www.ladrogopedia.com\/mezclas-y-riesgos\/wp-content\/uploads\/2025\/05\/Captura-de-pantalla-2025-05-15-a-las-16.44.49-300x285.png 300w\" sizes=\"auto, (max-width: 442px) 100vw, 442px\" \/><\/figure>\n<\/div>\n\n\n<p class=\"wp-block-paragraph\"><\/p>\n\n\n\n<p class=\"wp-block-paragraph\">Al participar en estas iniciativas, <strong>est\u00e1s contribuyendo a un proyecto que promueve el conocimiento<\/strong>, la <strong>seguridad<\/strong> y la <strong>responsabilidad<\/strong> en torno al consumo de sustancias. Tu apoyo no solo impacta en la salud y seguridad de las personas, sino que tambi\u00e9n <strong>fomenta un di\u00e1logo m\u00e1s informado y responsable <\/strong>sobre las drogas, <strong>influyendo<\/strong> en la manera en que <strong>instituciones<\/strong> y <strong>gobiernos<\/strong> abordan esta tem\u00e1tica.<\/p>\n\n\n\n<p class=\"wp-block-paragraph\">S\u00edguenos en <a href=\"https:\/\/www.ladrogopedia.com\/linktree\/\"><strong>nuestras redes sociales<\/strong><\/a> y \u00fanete a nuestros canales de difusi\u00f3n en <a href=\"https:\/\/chat.whatsapp.com\/Dso7X44KB6QI8Kwr9sStKU\"><strong>WhatsApp<\/strong><\/a> y <a href=\"https:\/\/t.me\/drogopedia\"><strong>Telegram<\/strong><\/a>. Juntos podemos transformar la manera en que entendemos y gestionamos los riesgos asociados al consumo de sustancias.<\/p>\n\n\n\n<p class=\"wp-block-paragraph\"><strong>Gracias por ser parte de esta causa<\/strong> y por respaldar nuestro compromiso con el conocimiento, la salud p\u00fablica y el cambio positivo.<\/p>\n","protected":false},"excerpt":{"rendered":"<p>Mezclas y Riesgos es un interactivo desarrollado por el equipo de Drogopedia. Basado en la tabla de TripSit y nuestra propia investigaci\u00f3n, incluye una amplia variedad de sustancias, principios activos y f\u00e1rmacos con sus nombres comerciales. Dise\u00f1ado como una referencia r\u00e1pida y orientativa, este recurso se actualiza mensualmente para ampliar y enriquecer sus contenidos. Nuestra <a href=\"https:\/\/www.ladrogopedia.com\/mezclas-y-riesgos\/sobre-nosotros\/\" class=\"more-link\">&#8230;<span class=\"screen-reader-text\">  Sobre Nosotros<\/span><\/a><\/p>\n","protected":false},"author":2,"featured_media":0,"parent":0,"menu_order":0,"comment_status":"closed","ping_status":"closed","template":"","meta":{"_acf_changed":false,"_crdt_document":"","footnotes":""},"class_list":["post-1599","page","type-page","status-publish","hentry"],"acf":[],"yoast_head":"<!-- This site is optimized with the Yoast SEO plugin v27.3 - https:\/\/yoast.com\/product\/yoast-seo-wordpress\/ -->\n<title>Sobre Nosotros - Drogopedia: Mezclas y Riesgos - Gu\u00eda Interactiva<\/title>\n<meta name=\"robots\" content=\"index, follow, max-snippet:-1, max-image-preview:large, max-video-preview:-1\" \/>\n<link rel=\"canonical\" href=\"https:\/\/www.ladrogopedia.com\/mezclas-y-riesgos\/sobre-nosotros\/\" \/>\n<meta property=\"og:locale\" content=\"es_ES\" \/>\n<meta property=\"og:type\" content=\"article\" \/>\n<meta property=\"og:title\" content=\"Sobre Nosotros - Drogopedia: Mezclas y Riesgos - Gu\u00eda Interactiva\" \/>\n<meta property=\"og:description\" content=\"Mezclas y Riesgos es un interactivo desarrollado por el equipo de Drogopedia. Basado en la tabla de TripSit y nuestra propia investigaci\u00f3n, incluye una amplia variedad de sustancias, principios activos y f\u00e1rmacos con sus nombres comerciales. Dise\u00f1ado como una referencia r\u00e1pida y orientativa, este recurso se actualiza mensualmente para ampliar y enriquecer sus contenidos. Nuestra ... Sobre Nosotros\" \/>\n<meta property=\"og:url\" content=\"https:\/\/www.ladrogopedia.com\/mezclas-y-riesgos\/sobre-nosotros\/\" \/>\n<meta property=\"og:site_name\" content=\"Drogopedia: Mezclas y Riesgos - Gu\u00eda Interactiva\" \/>\n<meta property=\"article:modified_time\" content=\"2025-05-15T14:46:18+00:00\" \/>\n<meta property=\"og:image\" content=\"https:\/\/www.ladrogopedia.com\/mezclas-y-riesgos\/wp-content\/uploads\/2025\/05\/Captura-de-pantalla-2025-05-15-a-las-16.44.49.png\" \/>\n\t<meta property=\"og:image:width\" content=\"442\" \/>\n\t<meta property=\"og:image:height\" content=\"420\" \/>\n\t<meta property=\"og:image:type\" content=\"image\/png\" \/>\n<meta name=\"twitter:card\" content=\"summary_large_image\" \/>\n<meta name=\"twitter:label1\" content=\"Tiempo de lectura\" \/>\n\t<meta name=\"twitter:data1\" content=\"2 minutos\" \/>\n<script type=\"application\/ld+json\" class=\"yoast-schema-graph\">{\"@context\":\"https:\\\/\\\/schema.org\",\"@graph\":[{\"@type\":\"WebPage\",\"@id\":\"https:\\\/\\\/www.ladrogopedia.com\\\/mezclas-y-riesgos\\\/sobre-nosotros\\\/\",\"url\":\"https:\\\/\\\/www.ladrogopedia.com\\\/mezclas-y-riesgos\\\/sobre-nosotros\\\/\",\"name\":\"Sobre Nosotros - Drogopedia: Mezclas y Riesgos - Gu\u00eda Interactiva\",\"isPartOf\":{\"@id\":\"https:\\\/\\\/www.ladrogopedia.com\\\/mezclas-y-riesgos\\\/#website\"},\"primaryImageOfPage\":{\"@id\":\"https:\\\/\\\/www.ladrogopedia.com\\\/mezclas-y-riesgos\\\/sobre-nosotros\\\/#primaryimage\"},\"image\":{\"@id\":\"https:\\\/\\\/www.ladrogopedia.com\\\/mezclas-y-riesgos\\\/sobre-nosotros\\\/#primaryimage\"},\"thumbnailUrl\":\"https:\\\/\\\/www.ladrogopedia.com\\\/mezclas-y-riesgos\\\/wp-content\\\/uploads\\\/2025\\\/05\\\/Captura-de-pantalla-2025-05-15-a-las-16.44.49.png\",\"datePublished\":\"2024-11-21T15:22:19+00:00\",\"dateModified\":\"2025-05-15T14:46:18+00:00\",\"breadcrumb\":{\"@id\":\"https:\\\/\\\/www.ladrogopedia.com\\\/mezclas-y-riesgos\\\/sobre-nosotros\\\/#breadcrumb\"},\"inLanguage\":\"es\",\"potentialAction\":[{\"@type\":\"ReadAction\",\"target\":[\"https:\\\/\\\/www.ladrogopedia.com\\\/mezclas-y-riesgos\\\/sobre-nosotros\\\/\"]}]},{\"@type\":\"ImageObject\",\"inLanguage\":\"es\",\"@id\":\"https:\\\/\\\/www.ladrogopedia.com\\\/mezclas-y-riesgos\\\/sobre-nosotros\\\/#primaryimage\",\"url\":\"https:\\\/\\\/www.ladrogopedia.com\\\/mezclas-y-riesgos\\\/wp-content\\\/uploads\\\/2025\\\/05\\\/Captura-de-pantalla-2025-05-15-a-las-16.44.49.png\",\"contentUrl\":\"https:\\\/\\\/www.ladrogopedia.com\\\/mezclas-y-riesgos\\\/wp-content\\\/uploads\\\/2025\\\/05\\\/Captura-de-pantalla-2025-05-15-a-las-16.44.49.png\",\"width\":442,\"height\":420},{\"@type\":\"BreadcrumbList\",\"@id\":\"https:\\\/\\\/www.ladrogopedia.com\\\/mezclas-y-riesgos\\\/sobre-nosotros\\\/#breadcrumb\",\"itemListElement\":[{\"@type\":\"ListItem\",\"position\":1,\"name\":\"Portada\",\"item\":\"https:\\\/\\\/www.ladrogopedia.com\\\/mezclas-y-riesgos\\\/\"},{\"@type\":\"ListItem\",\"position\":2,\"name\":\"Sobre Nosotros\"}]},{\"@type\":\"WebSite\",\"@id\":\"https:\\\/\\\/www.ladrogopedia.com\\\/mezclas-y-riesgos\\\/#website\",\"url\":\"https:\\\/\\\/www.ladrogopedia.com\\\/mezclas-y-riesgos\\\/\",\"name\":\"Drogopedia: Mezclas y Riesgos. Gu\u00eda interactiva\",\"description\":\"Anticipa los principales riesgos y efectos de la mezcla de drogas psicoactivas y toma precauciones ante su consumo.\",\"publisher\":{\"@id\":\"https:\\\/\\\/www.ladrogopedia.com\\\/mezclas-y-riesgos\\\/#organization\"},\"alternateName\":\"Drogopedia: Mezclas y Riesgos\",\"potentialAction\":[{\"@type\":\"SearchAction\",\"target\":{\"@type\":\"EntryPoint\",\"urlTemplate\":\"https:\\\/\\\/www.ladrogopedia.com\\\/mezclas-y-riesgos\\\/?s={search_term_string}\"},\"query-input\":{\"@type\":\"PropertyValueSpecification\",\"valueRequired\":true,\"valueName\":\"search_term_string\"}}],\"inLanguage\":\"es\"},{\"@type\":\"Organization\",\"@id\":\"https:\\\/\\\/www.ladrogopedia.com\\\/mezclas-y-riesgos\\\/#organization\",\"name\":\"Drogopedia: Mezclas y Riesgos\",\"url\":\"https:\\\/\\\/www.ladrogopedia.com\\\/mezclas-y-riesgos\\\/\",\"logo\":{\"@type\":\"ImageObject\",\"inLanguage\":\"es\",\"@id\":\"https:\\\/\\\/www.ladrogopedia.com\\\/mezclas-y-riesgos\\\/#\\\/schema\\\/logo\\\/image\\\/\",\"url\":\"https:\\\/\\\/www.ladrogopedia.com\\\/mezclas-y-riesgos\\\/wp-content\\\/uploads\\\/2024\\\/08\\\/696x696.png\",\"contentUrl\":\"https:\\\/\\\/www.ladrogopedia.com\\\/mezclas-y-riesgos\\\/wp-content\\\/uploads\\\/2024\\\/08\\\/696x696.png\",\"width\":1392,\"height\":1392,\"caption\":\"Drogopedia: Mezclas y Riesgos\"},\"image\":{\"@id\":\"https:\\\/\\\/www.ladrogopedia.com\\\/mezclas-y-riesgos\\\/#\\\/schema\\\/logo\\\/image\\\/\"}}]}<\/script>\n<!-- \/ Yoast SEO plugin. -->","yoast_head_json":{"title":"Sobre Nosotros - Drogopedia: Mezclas y Riesgos - Gu\u00eda Interactiva","robots":{"index":"index","follow":"follow","max-snippet":"max-snippet:-1","max-image-preview":"max-image-preview:large","max-video-preview":"max-video-preview:-1"},"canonical":"https:\/\/www.ladrogopedia.com\/mezclas-y-riesgos\/sobre-nosotros\/","og_locale":"es_ES","og_type":"article","og_title":"Sobre Nosotros - Drogopedia: Mezclas y Riesgos - Gu\u00eda Interactiva","og_description":"Mezclas y Riesgos es un interactivo desarrollado por el equipo de Drogopedia. Basado en la tabla de TripSit y nuestra propia investigaci\u00f3n, incluye una amplia variedad de sustancias, principios activos y f\u00e1rmacos con sus nombres comerciales. Dise\u00f1ado como una referencia r\u00e1pida y orientativa, este recurso se actualiza mensualmente para ampliar y enriquecer sus contenidos. Nuestra ... Sobre Nosotros","og_url":"https:\/\/www.ladrogopedia.com\/mezclas-y-riesgos\/sobre-nosotros\/","og_site_name":"Drogopedia: Mezclas y Riesgos - Gu\u00eda Interactiva","article_modified_time":"2025-05-15T14:46:18+00:00","og_image":[{"width":442,"height":420,"url":"https:\/\/www.ladrogopedia.com\/mezclas-y-riesgos\/wp-content\/uploads\/2025\/05\/Captura-de-pantalla-2025-05-15-a-las-16.44.49.png","type":"image\/png"}],"twitter_card":"summary_large_image","twitter_misc":{"Tiempo de lectura":"2 minutos"},"schema":{"@context":"https:\/\/schema.org","@graph":[{"@type":"WebPage","@id":"https:\/\/www.ladrogopedia.com\/mezclas-y-riesgos\/sobre-nosotros\/","url":"https:\/\/www.ladrogopedia.com\/mezclas-y-riesgos\/sobre-nosotros\/","name":"Sobre Nosotros - Drogopedia: Mezclas y Riesgos - Gu\u00eda Interactiva","isPartOf":{"@id":"https:\/\/www.ladrogopedia.com\/mezclas-y-riesgos\/#website"},"primaryImageOfPage":{"@id":"https:\/\/www.ladrogopedia.com\/mezclas-y-riesgos\/sobre-nosotros\/#primaryimage"},"image":{"@id":"https:\/\/www.ladrogopedia.com\/mezclas-y-riesgos\/sobre-nosotros\/#primaryimage"},"thumbnailUrl":"https:\/\/www.ladrogopedia.com\/mezclas-y-riesgos\/wp-content\/uploads\/2025\/05\/Captura-de-pantalla-2025-05-15-a-las-16.44.49.png","datePublished":"2024-11-21T15:22:19+00:00","dateModified":"2025-05-15T14:46:18+00:00","breadcrumb":{"@id":"https:\/\/www.ladrogopedia.com\/mezclas-y-riesgos\/sobre-nosotros\/#breadcrumb"},"inLanguage":"es","potentialAction":[{"@type":"ReadAction","target":["https:\/\/www.ladrogopedia.com\/mezclas-y-riesgos\/sobre-nosotros\/"]}]},{"@type":"ImageObject","inLanguage":"es","@id":"https:\/\/www.ladrogopedia.com\/mezclas-y-riesgos\/sobre-nosotros\/#primaryimage","url":"https:\/\/www.ladrogopedia.com\/mezclas-y-riesgos\/wp-content\/uploads\/2025\/05\/Captura-de-pantalla-2025-05-15-a-las-16.44.49.png","contentUrl":"https:\/\/www.ladrogopedia.com\/mezclas-y-riesgos\/wp-content\/uploads\/2025\/05\/Captura-de-pantalla-2025-05-15-a-las-16.44.49.png","width":442,"height":420},{"@type":"BreadcrumbList","@id":"https:\/\/www.ladrogopedia.com\/mezclas-y-riesgos\/sobre-nosotros\/#breadcrumb","itemListElement":[{"@type":"ListItem","position":1,"name":"Portada","item":"https:\/\/www.ladrogopedia.com\/mezclas-y-riesgos\/"},{"@type":"ListItem","position":2,"name":"Sobre Nosotros"}]},{"@type":"WebSite","@id":"https:\/\/www.ladrogopedia.com\/mezclas-y-riesgos\/#website","url":"https:\/\/www.ladrogopedia.com\/mezclas-y-riesgos\/","name":"Drogopedia: Mezclas y Riesgos. Gu\u00eda interactiva","description":"Anticipa los principales riesgos y efectos de la mezcla de drogas psicoactivas y toma precauciones ante su consumo.","publisher":{"@id":"https:\/\/www.ladrogopedia.com\/mezclas-y-riesgos\/#organization"},"alternateName":"Drogopedia: Mezclas y Riesgos","potentialAction":[{"@type":"SearchAction","target":{"@type":"EntryPoint","urlTemplate":"https:\/\/www.ladrogopedia.com\/mezclas-y-riesgos\/?s={search_term_string}"},"query-input":{"@type":"PropertyValueSpecification","valueRequired":true,"valueName":"search_term_string"}}],"inLanguage":"es"},{"@type":"Organization","@id":"https:\/\/www.ladrogopedia.com\/mezclas-y-riesgos\/#organization","name":"Drogopedia: Mezclas y Riesgos","url":"https:\/\/www.ladrogopedia.com\/mezclas-y-riesgos\/","logo":{"@type":"ImageObject","inLanguage":"es","@id":"https:\/\/www.ladrogopedia.com\/mezclas-y-riesgos\/#\/schema\/logo\/image\/","url":"https:\/\/www.ladrogopedia.com\/mezclas-y-riesgos\/wp-content\/uploads\/2024\/08\/696x696.png","contentUrl":"https:\/\/www.ladrogopedia.com\/mezclas-y-riesgos\/wp-content\/uploads\/2024\/08\/696x696.png","width":1392,"height":1392,"caption":"Drogopedia: Mezclas y Riesgos"},"image":{"@id":"https:\/\/www.ladrogopedia.com\/mezclas-y-riesgos\/#\/schema\/logo\/image\/"}}]}},"_links":{"self":[{"href":"https:\/\/www.ladrogopedia.com\/mezclas-y-riesgos\/wp-json\/wp\/v2\/pages\/1599","targetHints":{"allow":["GET"]}}],"collection":[{"href":"https:\/\/www.ladrogopedia.com\/mezclas-y-riesgos\/wp-json\/wp\/v2\/pages"}],"about":[{"href":"https:\/\/www.ladrogopedia.com\/mezclas-y-riesgos\/wp-json\/wp\/v2\/types\/page"}],"author":[{"embeddable":true,"href":"https:\/\/www.ladrogopedia.com\/mezclas-y-riesgos\/wp-json\/wp\/v2\/users\/2"}],"replies":[{"embeddable":true,"href":"https:\/\/www.ladrogopedia.com\/mezclas-y-riesgos\/wp-json\/wp\/v2\/comments?post=1599"}],"version-history":[{"count":6,"href":"https:\/\/www.ladrogopedia.com\/mezclas-y-riesgos\/wp-json\/wp\/v2\/pages\/1599\/revisions"}],"predecessor-version":[{"id":5914,"href":"https:\/\/www.ladrogopedia.com\/mezclas-y-riesgos\/wp-json\/wp\/v2\/pages\/1599\/revisions\/5914"}],"wp:attachment":[{"href":"https:\/\/www.ladrogopedia.com\/mezclas-y-riesgos\/wp-json\/wp\/v2\/media?parent=1599"}],"curies":[{"name":"wp","href":"https:\/\/api.w.org\/{rel}","templated":true}]}}