{"id":140,"date":"2024-08-12T23:24:36","date_gmt":"2024-08-12T21:24:36","guid":{"rendered":"https:\/\/www.ladrogopedia.com\/mezclas-y-riesgos\/?page_id=140"},"modified":"2024-11-26T17:05:45","modified_gmt":"2024-11-26T16:05:45","slug":"niveles-de-riesgo","status":"publish","type":"page","link":"https:\/\/www.ladrogopedia.com\/mezclas-y-riesgos\/niveles-de-riesgo\/","title":{"rendered":"Niveles de Riesgo"},"content":{"rendered":"\n<h3 class=\"wp-block-heading\"><strong>Seguimos los niveles de riesgo planteados por <a href=\"https:\/\/wiki.tripsit.me\/wiki\/Drug_combinations#Categorisations\" target=\"_blank\" rel=\"noreferrer noopener\">Tripsit<\/a> en su gu\u00eda de las combinaciones de drogas:<\/strong><\/h3>\n\n\n\n<p class=\"wp-block-paragraph\"><a class=\"button sin-sinergia\" href=\"https:\/\/www.ladrogopedia.com\/mezclas-y-riesgos\/riesgo\/riesgo-bajo-sin-sinergia\/\">Riesgo bajo y sin sinergia<\/a><\/p>\n\n\n\n<p class=\"wp-block-paragraph\"><a class=\"button con-disminucion\" href=\"https:\/\/www.ladrogopedia.com\/mezclas-y-riesgos\/riesgo\/riesgo-bajo-disminucion\/\">Riesgo bajo y con disminuci\u00f3n<\/a><\/p>\n\n\n\n<p class=\"wp-block-paragraph\"><a class=\"button con-sinergia\" href=\"https:\/\/www.ladrogopedia.com\/mezclas-y-riesgos\/riesgo\/riesgo-bajo-sinergia\/\">Riesgo bajo y con sinergia<\/a><\/p>\n\n\n\n<p class=\"wp-block-paragraph\"><a class=\"button cuidado\" href=\"https:\/\/www.ladrogopedia.com\/mezclas-y-riesgos\/riesgo\/cuidado\/\">Cuidado<\/a><\/p>\n\n\n\n<p class=\"wp-block-paragraph\"><a class=\"button no-seguro\" href=\"https:\/\/www.ladrogopedia.com\/mezclas-y-riesgos\/riesgo\/no-seguro\/\">No seguro<\/a><\/p>\n\n\n\n<p class=\"wp-block-paragraph\"><a class=\"button peligroso\" href=\"https:\/\/www.ladrogopedia.com\/mezclas-y-riesgos\/riesgo\/peligroso\/\">Peligroso<\/a><\/p>\n","protected":false},"excerpt":{"rendered":"<p>Seguimos los niveles de riesgo planteados por Tripsit en su gu\u00eda de las combinaciones de drogas: Riesgo bajo y sin sinergia Riesgo bajo y con disminuci\u00f3n Riesgo bajo y con sinergia Cuidado No seguro Peligroso<\/p>\n","protected":false},"author":1,"featured_media":0,"parent":0,"menu_order":0,"comment_status":"closed","ping_status":"closed","template":"","meta":{"_acf_changed":false,"_crdt_document":"","footnotes":""},"class_list":["post-140","page","type-page","status-publish","hentry"],"acf":[],"yoast_head":"<!-- This site is optimized with the Yoast SEO plugin v27.3 - https:\/\/yoast.com\/product\/yoast-seo-wordpress\/ -->\n<title>Niveles de Riesgo - Drogopedia: Mezclas y Riesgos - Gu\u00eda Interactiva<\/title>\n<meta name=\"robots\" content=\"index, follow, max-snippet:-1, max-image-preview:large, max-video-preview:-1\" \/>\n<link rel=\"canonical\" href=\"https:\/\/www.ladrogopedia.com\/mezclas-y-riesgos\/niveles-de-riesgo\/\" \/>\n<meta property=\"og:locale\" content=\"es_ES\" \/>\n<meta property=\"og:type\" content=\"article\" \/>\n<meta property=\"og:title\" content=\"Niveles de Riesgo - Drogopedia: Mezclas y Riesgos - Gu\u00eda Interactiva\" \/>\n<meta property=\"og:description\" content=\"Seguimos los niveles de riesgo planteados por Tripsit en su gu\u00eda de las combinaciones de drogas: Riesgo bajo y sin sinergia Riesgo bajo y con disminuci\u00f3n Riesgo bajo y con sinergia Cuidado No seguro Peligroso\" \/>\n<meta property=\"og:url\" content=\"https:\/\/www.ladrogopedia.com\/mezclas-y-riesgos\/niveles-de-riesgo\/\" \/>\n<meta property=\"og:site_name\" content=\"Drogopedia: Mezclas y Riesgos - Gu\u00eda Interactiva\" \/>\n<meta property=\"article:modified_time\" content=\"2024-11-26T16:05:45+00:00\" \/>\n<meta property=\"og:image\" content=\"https:\/\/www.ladrogopedia.com\/mezclas-y-riesgos\/wp-content\/uploads\/2024\/08\/1200x675.png\" \/>\n\t<meta property=\"og:image:width\" content=\"2400\" \/>\n\t<meta property=\"og:image:height\" content=\"1350\" \/>\n\t<meta property=\"og:image:type\" content=\"image\/png\" \/>\n<meta name=\"twitter:card\" content=\"summary_large_image\" \/>\n<meta name=\"twitter:label1\" content=\"Tiempo de lectura\" \/>\n\t<meta name=\"twitter:data1\" content=\"1 minuto\" \/>\n<script type=\"application\/ld+json\" class=\"yoast-schema-graph\">{\"@context\":\"https:\\\/\\\/schema.org\",\"@graph\":[{\"@type\":\"WebPage\",\"@id\":\"https:\\\/\\\/www.ladrogopedia.com\\\/mezclas-y-riesgos\\\/niveles-de-riesgo\\\/\",\"url\":\"https:\\\/\\\/www.ladrogopedia.com\\\/mezclas-y-riesgos\\\/niveles-de-riesgo\\\/\",\"name\":\"Niveles de Riesgo - Drogopedia: Mezclas y Riesgos - Gu\u00eda Interactiva\",\"isPartOf\":{\"@id\":\"https:\\\/\\\/www.ladrogopedia.com\\\/mezclas-y-riesgos\\\/#website\"},\"datePublished\":\"2024-08-12T21:24:36+00:00\",\"dateModified\":\"2024-11-26T16:05:45+00:00\",\"breadcrumb\":{\"@id\":\"https:\\\/\\\/www.ladrogopedia.com\\\/mezclas-y-riesgos\\\/niveles-de-riesgo\\\/#breadcrumb\"},\"inLanguage\":\"es\",\"potentialAction\":[{\"@type\":\"ReadAction\",\"target\":[\"https:\\\/\\\/www.ladrogopedia.com\\\/mezclas-y-riesgos\\\/niveles-de-riesgo\\\/\"]}]},{\"@type\":\"BreadcrumbList\",\"@id\":\"https:\\\/\\\/www.ladrogopedia.com\\\/mezclas-y-riesgos\\\/niveles-de-riesgo\\\/#breadcrumb\",\"itemListElement\":[{\"@type\":\"ListItem\",\"position\":1,\"name\":\"Portada\",\"item\":\"https:\\\/\\\/www.ladrogopedia.com\\\/mezclas-y-riesgos\\\/\"},{\"@type\":\"ListItem\",\"position\":2,\"name\":\"Niveles de Riesgo\"}]},{\"@type\":\"WebSite\",\"@id\":\"https:\\\/\\\/www.ladrogopedia.com\\\/mezclas-y-riesgos\\\/#website\",\"url\":\"https:\\\/\\\/www.ladrogopedia.com\\\/mezclas-y-riesgos\\\/\",\"name\":\"Drogopedia: Mezclas y Riesgos. Gu\u00eda interactiva\",\"description\":\"Anticipa los principales riesgos y efectos de la mezcla de drogas psicoactivas y toma precauciones ante su consumo.\",\"publisher\":{\"@id\":\"https:\\\/\\\/www.ladrogopedia.com\\\/mezclas-y-riesgos\\\/#organization\"},\"alternateName\":\"Drogopedia: Mezclas y Riesgos\",\"potentialAction\":[{\"@type\":\"SearchAction\",\"target\":{\"@type\":\"EntryPoint\",\"urlTemplate\":\"https:\\\/\\\/www.ladrogopedia.com\\\/mezclas-y-riesgos\\\/?s={search_term_string}\"},\"query-input\":{\"@type\":\"PropertyValueSpecification\",\"valueRequired\":true,\"valueName\":\"search_term_string\"}}],\"inLanguage\":\"es\"},{\"@type\":\"Organization\",\"@id\":\"https:\\\/\\\/www.ladrogopedia.com\\\/mezclas-y-riesgos\\\/#organization\",\"name\":\"Drogopedia: Mezclas y Riesgos\",\"url\":\"https:\\\/\\\/www.ladrogopedia.com\\\/mezclas-y-riesgos\\\/\",\"logo\":{\"@type\":\"ImageObject\",\"inLanguage\":\"es\",\"@id\":\"https:\\\/\\\/www.ladrogopedia.com\\\/mezclas-y-riesgos\\\/#\\\/schema\\\/logo\\\/image\\\/\",\"url\":\"https:\\\/\\\/www.ladrogopedia.com\\\/mezclas-y-riesgos\\\/wp-content\\\/uploads\\\/2024\\\/08\\\/696x696.png\",\"contentUrl\":\"https:\\\/\\\/www.ladrogopedia.com\\\/mezclas-y-riesgos\\\/wp-content\\\/uploads\\\/2024\\\/08\\\/696x696.png\",\"width\":1392,\"height\":1392,\"caption\":\"Drogopedia: Mezclas y Riesgos\"},\"image\":{\"@id\":\"https:\\\/\\\/www.ladrogopedia.com\\\/mezclas-y-riesgos\\\/#\\\/schema\\\/logo\\\/image\\\/\"}}]}<\/script>\n<!-- \/ Yoast SEO plugin. -->","yoast_head_json":{"title":"Niveles de Riesgo - Drogopedia: Mezclas y Riesgos - Gu\u00eda Interactiva","robots":{"index":"index","follow":"follow","max-snippet":"max-snippet:-1","max-image-preview":"max-image-preview:large","max-video-preview":"max-video-preview:-1"},"canonical":"https:\/\/www.ladrogopedia.com\/mezclas-y-riesgos\/niveles-de-riesgo\/","og_locale":"es_ES","og_type":"article","og_title":"Niveles de Riesgo - Drogopedia: Mezclas y Riesgos - Gu\u00eda Interactiva","og_description":"Seguimos los niveles de riesgo planteados por Tripsit en su gu\u00eda de las combinaciones de drogas: Riesgo bajo y sin sinergia Riesgo bajo y con disminuci\u00f3n Riesgo bajo y con sinergia Cuidado No seguro Peligroso","og_url":"https:\/\/www.ladrogopedia.com\/mezclas-y-riesgos\/niveles-de-riesgo\/","og_site_name":"Drogopedia: Mezclas y Riesgos - Gu\u00eda Interactiva","article_modified_time":"2024-11-26T16:05:45+00:00","og_image":[{"width":2400,"height":1350,"url":"https:\/\/www.ladrogopedia.com\/mezclas-y-riesgos\/wp-content\/uploads\/2024\/08\/1200x675.png","type":"image\/png"}],"twitter_card":"summary_large_image","twitter_misc":{"Tiempo de lectura":"1 minuto"},"schema":{"@context":"https:\/\/schema.org","@graph":[{"@type":"WebPage","@id":"https:\/\/www.ladrogopedia.com\/mezclas-y-riesgos\/niveles-de-riesgo\/","url":"https:\/\/www.ladrogopedia.com\/mezclas-y-riesgos\/niveles-de-riesgo\/","name":"Niveles de Riesgo - Drogopedia: Mezclas y Riesgos - Gu\u00eda Interactiva","isPartOf":{"@id":"https:\/\/www.ladrogopedia.com\/mezclas-y-riesgos\/#website"},"datePublished":"2024-08-12T21:24:36+00:00","dateModified":"2024-11-26T16:05:45+00:00","breadcrumb":{"@id":"https:\/\/www.ladrogopedia.com\/mezclas-y-riesgos\/niveles-de-riesgo\/#breadcrumb"},"inLanguage":"es","potentialAction":[{"@type":"ReadAction","target":["https:\/\/www.ladrogopedia.com\/mezclas-y-riesgos\/niveles-de-riesgo\/"]}]},{"@type":"BreadcrumbList","@id":"https:\/\/www.ladrogopedia.com\/mezclas-y-riesgos\/niveles-de-riesgo\/#breadcrumb","itemListElement":[{"@type":"ListItem","position":1,"name":"Portada","item":"https:\/\/www.ladrogopedia.com\/mezclas-y-riesgos\/"},{"@type":"ListItem","position":2,"name":"Niveles de Riesgo"}]},{"@type":"WebSite","@id":"https:\/\/www.ladrogopedia.com\/mezclas-y-riesgos\/#website","url":"https:\/\/www.ladrogopedia.com\/mezclas-y-riesgos\/","name":"Drogopedia: Mezclas y Riesgos. Gu\u00eda interactiva","description":"Anticipa los principales riesgos y efectos de la mezcla de drogas psicoactivas y toma precauciones ante su consumo.","publisher":{"@id":"https:\/\/www.ladrogopedia.com\/mezclas-y-riesgos\/#organization"},"alternateName":"Drogopedia: Mezclas y Riesgos","potentialAction":[{"@type":"SearchAction","target":{"@type":"EntryPoint","urlTemplate":"https:\/\/www.ladrogopedia.com\/mezclas-y-riesgos\/?s={search_term_string}"},"query-input":{"@type":"PropertyValueSpecification","valueRequired":true,"valueName":"search_term_string"}}],"inLanguage":"es"},{"@type":"Organization","@id":"https:\/\/www.ladrogopedia.com\/mezclas-y-riesgos\/#organization","name":"Drogopedia: Mezclas y Riesgos","url":"https:\/\/www.ladrogopedia.com\/mezclas-y-riesgos\/","logo":{"@type":"ImageObject","inLanguage":"es","@id":"https:\/\/www.ladrogopedia.com\/mezclas-y-riesgos\/#\/schema\/logo\/image\/","url":"https:\/\/www.ladrogopedia.com\/mezclas-y-riesgos\/wp-content\/uploads\/2024\/08\/696x696.png","contentUrl":"https:\/\/www.ladrogopedia.com\/mezclas-y-riesgos\/wp-content\/uploads\/2024\/08\/696x696.png","width":1392,"height":1392,"caption":"Drogopedia: Mezclas y Riesgos"},"image":{"@id":"https:\/\/www.ladrogopedia.com\/mezclas-y-riesgos\/#\/schema\/logo\/image\/"}}]}},"_links":{"self":[{"href":"https:\/\/www.ladrogopedia.com\/mezclas-y-riesgos\/wp-json\/wp\/v2\/pages\/140","targetHints":{"allow":["GET"]}}],"collection":[{"href":"https:\/\/www.ladrogopedia.com\/mezclas-y-riesgos\/wp-json\/wp\/v2\/pages"}],"about":[{"href":"https:\/\/www.ladrogopedia.com\/mezclas-y-riesgos\/wp-json\/wp\/v2\/types\/page"}],"author":[{"embeddable":true,"href":"https:\/\/www.ladrogopedia.com\/mezclas-y-riesgos\/wp-json\/wp\/v2\/users\/1"}],"replies":[{"embeddable":true,"href":"https:\/\/www.ladrogopedia.com\/mezclas-y-riesgos\/wp-json\/wp\/v2\/comments?post=140"}],"version-history":[{"count":14,"href":"https:\/\/www.ladrogopedia.com\/mezclas-y-riesgos\/wp-json\/wp\/v2\/pages\/140\/revisions"}],"predecessor-version":[{"id":1649,"href":"https:\/\/www.ladrogopedia.com\/mezclas-y-riesgos\/wp-json\/wp\/v2\/pages\/140\/revisions\/1649"}],"wp:attachment":[{"href":"https:\/\/www.ladrogopedia.com\/mezclas-y-riesgos\/wp-json\/wp\/v2\/media?parent=140"}],"curies":[{"name":"wp","href":"https:\/\/api.w.org\/{rel}","templated":true}]}}